{"id":1392,"date":"2025-11-11T15:11:15","date_gmt":"2025-11-11T15:11:15","guid":{"rendered":"https:\/\/idc-clinic.connectionthemes.com\/blog\/"},"modified":"2026-05-12T10:19:27","modified_gmt":"2026-05-12T10:19:27","slug":"blog","status":"publish","type":"page","link":"http:\/\/13.38.59.60\/fr\/blog\/","title":{"rendered":"Blog"},"content":{"rendered":"","protected":false},"excerpt":{"rendered":"","protected":false},"author":1,"featured_media":0,"parent":0,"menu_order":0,"comment_status":"closed","ping_status":"closed","template":"template-blog.php","meta":{"footnotes":""},"class_list":["post-1392","page","type-page","status-publish","hentry"],"acf":[],"yoast_head":"<!-- This site is optimized with the Yoast SEO plugin v27.5 - https:\/\/yoast.com\/product\/yoast-seo-wordpress\/ -->\n<title>Blog - IDC.Clinic<\/title>\n<meta name=\"description\" content=\"Du contenu exclusif et r\u00e9guli\u00e8rement mis \u00e0 jour, notre blog propose une large gamme de contenus pr\u00e9cieux pour vous tenir inform\u00e9 !\" \/>\n<meta name=\"robots\" content=\"index, follow, max-snippet:-1, max-image-preview:large, max-video-preview:-1\" \/>\n<link rel=\"canonical\" href=\"https:\/\/idc.clinic\/fr\/blog\/\" \/>\n<meta property=\"og:locale\" content=\"fr_FR\" \/>\n<meta property=\"og:type\" content=\"article\" \/>\n<meta property=\"og:title\" content=\"Blog - IDC.Clinic\" \/>\n<meta property=\"og:description\" content=\"Du contenu exclusif et r\u00e9guli\u00e8rement mis \u00e0 jour, notre blog propose une large gamme de contenus pr\u00e9cieux pour vous tenir inform\u00e9 !\" \/>\n<meta property=\"og:url\" content=\"https:\/\/idc.clinic\/fr\/blog\/\" \/>\n<meta property=\"og:site_name\" content=\"IDC.Clinic\" \/>\n<meta property=\"article:modified_time\" content=\"2026-05-12T10:19:27+00:00\" \/>\n<meta name=\"twitter:card\" content=\"summary_large_image\" \/>\n<script type=\"application\/ld+json\" class=\"yoast-schema-graph\">{\"@context\":\"https:\\\/\\\/schema.org\",\"@graph\":[{\"@type\":\"WebPage\",\"@id\":\"https:\\\/\\\/idc.clinic\\\/fr\\\/blog\\\/\",\"url\":\"https:\\\/\\\/idc.clinic\\\/fr\\\/blog\\\/\",\"name\":\"Blog - IDC.Clinic\",\"isPartOf\":{\"@id\":\"https:\\\/\\\/idc.clinic\\\/#website\"},\"datePublished\":\"2025-11-11T15:11:15+00:00\",\"dateModified\":\"2026-05-12T10:19:27+00:00\",\"description\":\"Du contenu exclusif et r\u00e9guli\u00e8rement mis \u00e0 jour, notre blog propose une large gamme de contenus pr\u00e9cieux pour vous tenir inform\u00e9 !\",\"breadcrumb\":{\"@id\":\"https:\\\/\\\/idc.clinic\\\/fr\\\/blog\\\/#breadcrumb\"},\"inLanguage\":\"fr-FR\",\"potentialAction\":[{\"@type\":\"ReadAction\",\"target\":[\"https:\\\/\\\/idc.clinic\\\/fr\\\/blog\\\/\"]}]},{\"@type\":\"BreadcrumbList\",\"@id\":\"https:\\\/\\\/idc.clinic\\\/fr\\\/blog\\\/#breadcrumb\",\"itemListElement\":[{\"@type\":\"ListItem\",\"position\":1,\"name\":\"Home\",\"item\":\"https:\\\/\\\/idc.clinic\\\/fr\\\/\"},{\"@type\":\"ListItem\",\"position\":2,\"name\":\"Blog\"}]},{\"@type\":\"WebSite\",\"@id\":\"https:\\\/\\\/idc.clinic\\\/#website\",\"url\":\"https:\\\/\\\/idc.clinic\\\/\",\"name\":\"idc\",\"description\":\"\",\"publisher\":{\"@id\":\"https:\\\/\\\/idc.clinic\\\/#organization\"},\"potentialAction\":[{\"@type\":\"SearchAction\",\"target\":{\"@type\":\"EntryPoint\",\"urlTemplate\":\"https:\\\/\\\/idc.clinic\\\/?s={search_term_string}\"},\"query-input\":{\"@type\":\"PropertyValueSpecification\",\"valueRequired\":true,\"valueName\":\"search_term_string\"}}],\"inLanguage\":\"fr-FR\"},{\"@type\":\"Organization\",\"@id\":\"https:\\\/\\\/idc.clinic\\\/#organization\",\"name\":\"idc\",\"url\":\"https:\\\/\\\/idc.clinic\\\/\",\"logo\":{\"@type\":\"ImageObject\",\"inLanguage\":\"fr-FR\",\"@id\":\"https:\\\/\\\/idc.clinic\\\/#\\\/schema\\\/logo\\\/image\\\/\",\"url\":\"http:\\\/\\\/13.38.59.60\\\/wp-content\\\/uploads\\\/2026\\\/02\\\/new-logo.png\",\"contentUrl\":\"http:\\\/\\\/13.38.59.60\\\/wp-content\\\/uploads\\\/2026\\\/02\\\/new-logo.png\",\"width\":1650,\"height\":686,\"caption\":\"idc\"},\"image\":{\"@id\":\"https:\\\/\\\/idc.clinic\\\/#\\\/schema\\\/logo\\\/image\\\/\"}}]}<\/script>\n<!-- \/ Yoast SEO plugin. -->","yoast_head_json":{"title":"Blog - IDC.Clinic","description":"Du contenu exclusif et r\u00e9guli\u00e8rement mis \u00e0 jour, notre blog propose une large gamme de contenus pr\u00e9cieux pour vous tenir inform\u00e9 !","robots":{"index":"index","follow":"follow","max-snippet":"max-snippet:-1","max-image-preview":"max-image-preview:large","max-video-preview":"max-video-preview:-1"},"canonical":"https:\/\/idc.clinic\/fr\/blog\/","og_locale":"fr_FR","og_type":"article","og_title":"Blog - IDC.Clinic","og_description":"Du contenu exclusif et r\u00e9guli\u00e8rement mis \u00e0 jour, notre blog propose une large gamme de contenus pr\u00e9cieux pour vous tenir inform\u00e9 !","og_url":"https:\/\/idc.clinic\/fr\/blog\/","og_site_name":"IDC.Clinic","article_modified_time":"2026-05-12T10:19:27+00:00","twitter_card":"summary_large_image","schema":{"@context":"https:\/\/schema.org","@graph":[{"@type":"WebPage","@id":"https:\/\/idc.clinic\/fr\/blog\/","url":"https:\/\/idc.clinic\/fr\/blog\/","name":"Blog - IDC.Clinic","isPartOf":{"@id":"https:\/\/idc.clinic\/#website"},"datePublished":"2025-11-11T15:11:15+00:00","dateModified":"2026-05-12T10:19:27+00:00","description":"Du contenu exclusif et r\u00e9guli\u00e8rement mis \u00e0 jour, notre blog propose une large gamme de contenus pr\u00e9cieux pour vous tenir inform\u00e9 !","breadcrumb":{"@id":"https:\/\/idc.clinic\/fr\/blog\/#breadcrumb"},"inLanguage":"fr-FR","potentialAction":[{"@type":"ReadAction","target":["https:\/\/idc.clinic\/fr\/blog\/"]}]},{"@type":"BreadcrumbList","@id":"https:\/\/idc.clinic\/fr\/blog\/#breadcrumb","itemListElement":[{"@type":"ListItem","position":1,"name":"Home","item":"https:\/\/idc.clinic\/fr\/"},{"@type":"ListItem","position":2,"name":"Blog"}]},{"@type":"WebSite","@id":"https:\/\/idc.clinic\/#website","url":"https:\/\/idc.clinic\/","name":"idc","description":"","publisher":{"@id":"https:\/\/idc.clinic\/#organization"},"potentialAction":[{"@type":"SearchAction","target":{"@type":"EntryPoint","urlTemplate":"https:\/\/idc.clinic\/?s={search_term_string}"},"query-input":{"@type":"PropertyValueSpecification","valueRequired":true,"valueName":"search_term_string"}}],"inLanguage":"fr-FR"},{"@type":"Organization","@id":"https:\/\/idc.clinic\/#organization","name":"idc","url":"https:\/\/idc.clinic\/","logo":{"@type":"ImageObject","inLanguage":"fr-FR","@id":"https:\/\/idc.clinic\/#\/schema\/logo\/image\/","url":"http:\/\/13.38.59.60\/wp-content\/uploads\/2026\/02\/new-logo.png","contentUrl":"http:\/\/13.38.59.60\/wp-content\/uploads\/2026\/02\/new-logo.png","width":1650,"height":686,"caption":"idc"},"image":{"@id":"https:\/\/idc.clinic\/#\/schema\/logo\/image\/"}}]}},"_links":{"self":[{"href":"http:\/\/13.38.59.60\/fr\/wp-json\/wp\/v2\/pages\/1392","targetHints":{"allow":["GET"]}}],"collection":[{"href":"http:\/\/13.38.59.60\/fr\/wp-json\/wp\/v2\/pages"}],"about":[{"href":"http:\/\/13.38.59.60\/fr\/wp-json\/wp\/v2\/types\/page"}],"author":[{"embeddable":true,"href":"http:\/\/13.38.59.60\/fr\/wp-json\/wp\/v2\/users\/1"}],"replies":[{"embeddable":true,"href":"http:\/\/13.38.59.60\/fr\/wp-json\/wp\/v2\/comments?post=1392"}],"version-history":[{"count":1,"href":"http:\/\/13.38.59.60\/fr\/wp-json\/wp\/v2\/pages\/1392\/revisions"}],"predecessor-version":[{"id":4242,"href":"http:\/\/13.38.59.60\/fr\/wp-json\/wp\/v2\/pages\/1392\/revisions\/4242"}],"wp:attachment":[{"href":"http:\/\/13.38.59.60\/fr\/wp-json\/wp\/v2\/media?parent=1392"}],"curies":[{"name":"wp","href":"https:\/\/api.w.org\/{rel}","templated":true}]}}