{"id":1334,"date":"2025-11-13T12:22:08","date_gmt":"2025-11-13T12:22:08","guid":{"rendered":"https:\/\/idc-clinic.connectionthemes.com\/termos-e-condicoes\/"},"modified":"2026-05-12T10:56:51","modified_gmt":"2026-05-12T10:56:51","slug":"termos-e-condicoes","status":"publish","type":"page","link":"http:\/\/13.38.59.60\/fr\/termos-e-condicoes\/","title":{"rendered":"Termes et Conditions"},"content":{"rendered":"<div class=\"col-lg-12\">\n<p data-start=\"2988\" data-end=\"3292\">En acceptant les Termes et Conditions sur ce site internet, l\u2019utilisateur consent \u00e0 la collecte et au traitement informatique de ses donn\u00e9es, autorisant leur insertion et conservation, pour la dur\u00e9e n\u00e9cessaire, dans une base de donn\u00e9es appropri\u00e9e. Le responsable du traitement des donn\u00e9es est IDC.Clinic.<\/p>\n<p data-start=\"3294\" data-end=\"3765\">Les donn\u00e9es personnelles fournies par l\u2019utilisateur sont destin\u00e9es \u00e0 diverses actions telles que d\u00e9crites dans la \u00ab Politique de Cookies \u00bb. Conform\u00e9ment \u00e0 la Loi n\u00b0 67\/98 du 26 octobre, les utilisateurs ont le droit d\u2019acc\u00e9der \u00e0 leurs donn\u00e9es et peuvent demander par \u00e9crit leur mise \u00e0 jour, correction ou suppression, en envoyant une lettre \u00e0 l\u2019adresse suivante :<br data-start=\"3656\" data-end=\"3659\" \/>Avenida da Boavista Edif\u00edcio Prime, N\u00ba772 5\u00ba Piso Sala 5.1 4100-128 Porto, ou par email \u00e0 <a class=\"decorated-link cursor-pointer\" rel=\"noopener\" data-start=\"3749\" data-end=\"3765\">geral@idc.clinic<\/a><\/p>\n<p data-start=\"3767\" data-end=\"3799\"><strong data-start=\"3767\" data-end=\"3799\">Politique de Confidentialit\u00e9<\/strong><\/p>\n<p data-start=\"3801\" data-end=\"4170\">IDC.Clinic prend tr\u00e8s au s\u00e9rieux la vie priv\u00e9e de ses clients et utilisateurs, et respecte la l\u00e9gislation europ\u00e9enne en vigueur concernant le traitement des donn\u00e9es personnelles et la confidentialit\u00e9. IDC.Clinic adopte les meilleures pratiques afin de prot\u00e9ger les donn\u00e9es des utilisateurs contre tout acc\u00e8s non autoris\u00e9, mauvaise utilisation ou traitement inappropri\u00e9.<\/p>\n<p data-start=\"4172\" data-end=\"4227\">Les donn\u00e9es collect\u00e9es sur ce site internet servent \u00e0 :<\/p>\n<ul data-start=\"4229\" data-end=\"4538\">\n<li data-start=\"4229\" data-end=\"4333\">\n<p data-start=\"4231\" data-end=\"4333\">Personnaliser le site selon les pr\u00e9f\u00e9rences de localisation\/langue afin de faciliter la navigation ;<\/p>\n<\/li>\n<li data-start=\"4334\" data-end=\"4389\">\n<p data-start=\"4336\" data-end=\"4389\">R\u00e9pondre aux demandes de contact des utilisateurs ;<\/p>\n<\/li>\n<li data-start=\"4390\" data-end=\"4538\">\n<p data-start=\"4392\" data-end=\"4538\">Collecter et analyser des donn\u00e9es anonymes de trafic, via des services externes de statistiques, qui nous permettent d\u2019am\u00e9liorer ce site internet.<\/p>\n<\/li>\n<\/ul>\n<p data-start=\"4540\" data-end=\"4781\">Les donn\u00e9es collect\u00e9es sur ce site ne sont pas fournies par IDC.Clinic \u00e0 des entit\u00e9s externes et sont utilis\u00e9es uniquement pour satisfaire les demandes des utilisateurs, r\u00e9pondre aux contacts ou communiquer des informations sur les produits.<\/p>\n<p data-start=\"4783\" data-end=\"4871\">Vous pouvez consulter notre politique compl\u00e8te dans la <strong data-start=\"4838\" data-end=\"4870\">Politique de Confidentialit\u00e9<\/strong>.<\/p>\n<p data-start=\"4873\" data-end=\"4897\"><strong data-start=\"4873\" data-end=\"4897\">Politique de Cookies<\/strong><\/p>\n<p data-start=\"4899\" data-end=\"5319\">Les cookies sont de petits fichiers texte enregistr\u00e9s sur l\u2019appareil d\u2019un utilisateur lors de la visite de certains sites internet. Lors de visites ult\u00e9rieures, ce fichier est renvoy\u00e9 au site d\u2019origine, permettant ainsi d\u2019identifier les pr\u00e9f\u00e9rences de l\u2019utilisateur. L\u2019utilisation de cookies est aujourd\u2019hui une pratique courante sur la majorit\u00e9 des sites internet, notamment avec la croissance du commerce \u00e9lectronique.<\/p>\n<p data-start=\"5321\" data-end=\"5412\">Sur ce site internet, lorsque l\u2019utilisateur y consent, les cookies suivants sont utilis\u00e9s :<\/p>\n<ul data-start=\"5414\" data-end=\"6179\">\n<li data-start=\"5414\" data-end=\"5630\">\n<p data-start=\"5416\" data-end=\"5630\"><strong data-start=\"5416\" data-end=\"5447\">Cookies de personnalisation<\/strong> \u2013 permettent de m\u00e9moriser les pr\u00e9f\u00e9rences de localisation\/langue de l\u2019utilisateur, afin qu\u2019il n\u2019ait pas \u00e0 les s\u00e9lectionner \u00e0 chaque visite, rendant ainsi la navigation plus simple.<\/p>\n<\/li>\n<li data-start=\"5631\" data-end=\"6179\">\n<p data-start=\"5633\" data-end=\"6179\"><strong data-start=\"5633\" data-end=\"5660\">Cookies de statistiques<\/strong> \u2013 permettent de comprendre, gr\u00e2ce \u00e0 la collecte de statistiques d\u2019utilisation, comment les utilisateurs naviguent sur notre site et comment nous pouvons am\u00e9liorer leur exp\u00e9rience et les fonctionnalit\u00e9s du site. Nous utilisons Google Analytics, l\u2019un des services de statistiques les plus utilis\u00e9s et fiables, pour collecter ces informations. Les donn\u00e9es recueillies, telles que les pages visit\u00e9es ou le temps pass\u00e9 sur le site, ne permettent pas d\u2019identifier des utilisateurs sp\u00e9cifiques, car les visites sont anonymes.<\/p>\n<\/li>\n<\/ul>\n<p data-start=\"6181\" data-end=\"6307\">Pour toute question concernant la confidentialit\u00e9 ou les cookies, veuillez nous contacter \u00e0 l\u2019adresse email : <a class=\"decorated-link cursor-pointer\" rel=\"noopener\" data-start=\"6291\" data-end=\"6307\">geral@idc.clinic<\/a><\/p>\n<p data-start=\"6309\" data-end=\"6389\">Vous pouvez consulter notre politique compl\u00e8te dans la <strong data-start=\"6364\" data-end=\"6388\">Politique de Cookies<\/strong>.<\/p>\n<\/div>\n","protected":false},"excerpt":{"rendered":"<p>En acceptant les Termes et Conditions sur ce site internet, l\u2019utilisateur consent \u00e0 la collecte et au traitement informatique de ses donn\u00e9es, autorisant leur insertion et conservation, pour la dur\u00e9e n\u00e9cessaire, dans une base de donn\u00e9es appropri\u00e9e. Le responsable du traitement des donn\u00e9es est IDC.Clinic. Les donn\u00e9es personnelles fournies par l\u2019utilisateur sont destin\u00e9es \u00e0 diverses [&hellip;]<\/p>\n","protected":false},"author":1,"featured_media":0,"parent":0,"menu_order":0,"comment_status":"closed","ping_status":"closed","template":"","meta":{"footnotes":""},"class_list":["post-1334","page","type-page","status-publish","hentry"],"acf":[],"yoast_head":"<!-- This site is optimized with the Yoast SEO plugin v27.5 - https:\/\/yoast.com\/product\/yoast-seo-wordpress\/ -->\n<title>Termes et Conditions - IDC.Clinic<\/title>\n<meta name=\"description\" content=\"Consultez les Conditions G\u00e9n\u00e9rales de IDC.Clinic et d\u00e9couvrez les r\u00e8gles d\u2019utilisation, les rendez-vous, les services et les politiques...\" \/>\n<meta name=\"robots\" content=\"index, follow, max-snippet:-1, max-image-preview:large, max-video-preview:-1\" \/>\n<link rel=\"canonical\" href=\"https:\/\/idc.clinic\/fr\/termos-e-condicoes\/\" \/>\n<meta property=\"og:locale\" content=\"fr_FR\" \/>\n<meta property=\"og:type\" content=\"article\" \/>\n<meta property=\"og:title\" content=\"Termes et Conditions - IDC.Clinic\" \/>\n<meta property=\"og:description\" content=\"Consultez les Conditions G\u00e9n\u00e9rales de IDC.Clinic et d\u00e9couvrez les r\u00e8gles d\u2019utilisation, les rendez-vous, les services et les politiques...\" \/>\n<meta property=\"og:url\" content=\"https:\/\/idc.clinic\/fr\/termos-e-condicoes\/\" \/>\n<meta property=\"og:site_name\" content=\"IDC.Clinic\" \/>\n<meta property=\"article:modified_time\" content=\"2026-05-12T10:56:51+00:00\" \/>\n<meta name=\"twitter:card\" content=\"summary_large_image\" \/>\n<meta name=\"twitter:label1\" content=\"Dur\u00e9e de lecture estim\u00e9e\" \/>\n\t<meta name=\"twitter:data1\" content=\"3 minutes\" \/>\n<script type=\"application\/ld+json\" class=\"yoast-schema-graph\">{\"@context\":\"https:\\\/\\\/schema.org\",\"@graph\":[{\"@type\":\"WebPage\",\"@id\":\"https:\\\/\\\/idc.clinic\\\/fr\\\/termos-e-condicoes\\\/\",\"url\":\"https:\\\/\\\/idc.clinic\\\/fr\\\/termos-e-condicoes\\\/\",\"name\":\"Termes et Conditions - IDC.Clinic\",\"isPartOf\":{\"@id\":\"https:\\\/\\\/idc.clinic\\\/#website\"},\"datePublished\":\"2025-11-13T12:22:08+00:00\",\"dateModified\":\"2026-05-12T10:56:51+00:00\",\"description\":\"Consultez les Conditions G\u00e9n\u00e9rales de IDC.Clinic et d\u00e9couvrez les r\u00e8gles d\u2019utilisation, les rendez-vous, les services et les politiques...\",\"breadcrumb\":{\"@id\":\"https:\\\/\\\/idc.clinic\\\/fr\\\/termos-e-condicoes\\\/#breadcrumb\"},\"inLanguage\":\"fr-FR\",\"potentialAction\":[{\"@type\":\"ReadAction\",\"target\":[\"https:\\\/\\\/idc.clinic\\\/fr\\\/termos-e-condicoes\\\/\"]}]},{\"@type\":\"BreadcrumbList\",\"@id\":\"https:\\\/\\\/idc.clinic\\\/fr\\\/termos-e-condicoes\\\/#breadcrumb\",\"itemListElement\":[{\"@type\":\"ListItem\",\"position\":1,\"name\":\"Home\",\"item\":\"https:\\\/\\\/idc.clinic\\\/fr\\\/\"},{\"@type\":\"ListItem\",\"position\":2,\"name\":\"Termes et Conditions\"}]},{\"@type\":\"WebSite\",\"@id\":\"https:\\\/\\\/idc.clinic\\\/#website\",\"url\":\"https:\\\/\\\/idc.clinic\\\/\",\"name\":\"idc\",\"description\":\"\",\"publisher\":{\"@id\":\"https:\\\/\\\/idc.clinic\\\/#organization\"},\"potentialAction\":[{\"@type\":\"SearchAction\",\"target\":{\"@type\":\"EntryPoint\",\"urlTemplate\":\"https:\\\/\\\/idc.clinic\\\/?s={search_term_string}\"},\"query-input\":{\"@type\":\"PropertyValueSpecification\",\"valueRequired\":true,\"valueName\":\"search_term_string\"}}],\"inLanguage\":\"fr-FR\"},{\"@type\":\"Organization\",\"@id\":\"https:\\\/\\\/idc.clinic\\\/#organization\",\"name\":\"idc\",\"url\":\"https:\\\/\\\/idc.clinic\\\/\",\"logo\":{\"@type\":\"ImageObject\",\"inLanguage\":\"fr-FR\",\"@id\":\"https:\\\/\\\/idc.clinic\\\/#\\\/schema\\\/logo\\\/image\\\/\",\"url\":\"http:\\\/\\\/13.38.59.60\\\/wp-content\\\/uploads\\\/2026\\\/02\\\/new-logo.png\",\"contentUrl\":\"http:\\\/\\\/13.38.59.60\\\/wp-content\\\/uploads\\\/2026\\\/02\\\/new-logo.png\",\"width\":1650,\"height\":686,\"caption\":\"idc\"},\"image\":{\"@id\":\"https:\\\/\\\/idc.clinic\\\/#\\\/schema\\\/logo\\\/image\\\/\"}}]}<\/script>\n<!-- \/ Yoast SEO plugin. -->","yoast_head_json":{"title":"Termes et Conditions - IDC.Clinic","description":"Consultez les Conditions G\u00e9n\u00e9rales de IDC.Clinic et d\u00e9couvrez les r\u00e8gles d\u2019utilisation, les rendez-vous, les services et les politiques...","robots":{"index":"index","follow":"follow","max-snippet":"max-snippet:-1","max-image-preview":"max-image-preview:large","max-video-preview":"max-video-preview:-1"},"canonical":"https:\/\/idc.clinic\/fr\/termos-e-condicoes\/","og_locale":"fr_FR","og_type":"article","og_title":"Termes et Conditions - IDC.Clinic","og_description":"Consultez les Conditions G\u00e9n\u00e9rales de IDC.Clinic et d\u00e9couvrez les r\u00e8gles d\u2019utilisation, les rendez-vous, les services et les politiques...","og_url":"https:\/\/idc.clinic\/fr\/termos-e-condicoes\/","og_site_name":"IDC.Clinic","article_modified_time":"2026-05-12T10:56:51+00:00","twitter_card":"summary_large_image","twitter_misc":{"Dur\u00e9e de lecture estim\u00e9e":"3 minutes"},"schema":{"@context":"https:\/\/schema.org","@graph":[{"@type":"WebPage","@id":"https:\/\/idc.clinic\/fr\/termos-e-condicoes\/","url":"https:\/\/idc.clinic\/fr\/termos-e-condicoes\/","name":"Termes et Conditions - IDC.Clinic","isPartOf":{"@id":"https:\/\/idc.clinic\/#website"},"datePublished":"2025-11-13T12:22:08+00:00","dateModified":"2026-05-12T10:56:51+00:00","description":"Consultez les Conditions G\u00e9n\u00e9rales de IDC.Clinic et d\u00e9couvrez les r\u00e8gles d\u2019utilisation, les rendez-vous, les services et les politiques...","breadcrumb":{"@id":"https:\/\/idc.clinic\/fr\/termos-e-condicoes\/#breadcrumb"},"inLanguage":"fr-FR","potentialAction":[{"@type":"ReadAction","target":["https:\/\/idc.clinic\/fr\/termos-e-condicoes\/"]}]},{"@type":"BreadcrumbList","@id":"https:\/\/idc.clinic\/fr\/termos-e-condicoes\/#breadcrumb","itemListElement":[{"@type":"ListItem","position":1,"name":"Home","item":"https:\/\/idc.clinic\/fr\/"},{"@type":"ListItem","position":2,"name":"Termes et Conditions"}]},{"@type":"WebSite","@id":"https:\/\/idc.clinic\/#website","url":"https:\/\/idc.clinic\/","name":"idc","description":"","publisher":{"@id":"https:\/\/idc.clinic\/#organization"},"potentialAction":[{"@type":"SearchAction","target":{"@type":"EntryPoint","urlTemplate":"https:\/\/idc.clinic\/?s={search_term_string}"},"query-input":{"@type":"PropertyValueSpecification","valueRequired":true,"valueName":"search_term_string"}}],"inLanguage":"fr-FR"},{"@type":"Organization","@id":"https:\/\/idc.clinic\/#organization","name":"idc","url":"https:\/\/idc.clinic\/","logo":{"@type":"ImageObject","inLanguage":"fr-FR","@id":"https:\/\/idc.clinic\/#\/schema\/logo\/image\/","url":"http:\/\/13.38.59.60\/wp-content\/uploads\/2026\/02\/new-logo.png","contentUrl":"http:\/\/13.38.59.60\/wp-content\/uploads\/2026\/02\/new-logo.png","width":1650,"height":686,"caption":"idc"},"image":{"@id":"https:\/\/idc.clinic\/#\/schema\/logo\/image\/"}}]}},"_links":{"self":[{"href":"http:\/\/13.38.59.60\/fr\/wp-json\/wp\/v2\/pages\/1334","targetHints":{"allow":["GET"]}}],"collection":[{"href":"http:\/\/13.38.59.60\/fr\/wp-json\/wp\/v2\/pages"}],"about":[{"href":"http:\/\/13.38.59.60\/fr\/wp-json\/wp\/v2\/types\/page"}],"author":[{"embeddable":true,"href":"http:\/\/13.38.59.60\/fr\/wp-json\/wp\/v2\/users\/1"}],"replies":[{"embeddable":true,"href":"http:\/\/13.38.59.60\/fr\/wp-json\/wp\/v2\/comments?post=1334"}],"version-history":[{"count":2,"href":"http:\/\/13.38.59.60\/fr\/wp-json\/wp\/v2\/pages\/1334\/revisions"}],"predecessor-version":[{"id":1491,"href":"http:\/\/13.38.59.60\/fr\/wp-json\/wp\/v2\/pages\/1334\/revisions\/1491"}],"wp:attachment":[{"href":"http:\/\/13.38.59.60\/fr\/wp-json\/wp\/v2\/media?parent=1334"}],"curies":[{"name":"wp","href":"https:\/\/api.w.org\/{rel}","templated":true}]}}