{"id":1344,"date":"2025-11-12T11:43:54","date_gmt":"2025-11-12T11:43:54","guid":{"rendered":"https:\/\/idc-clinic.connectionthemes.com\/especialidades\/"},"modified":"2026-05-12T10:47:06","modified_gmt":"2026-05-12T10:47:06","slug":"specialties","status":"publish","type":"page","link":"http:\/\/13.38.59.60\/en\/specialties\/","title":{"rendered":"Specialties"},"content":{"rendered":"<h3>A IDC.Clinic oferece diversas especialidades nas \u00e1reas da medicina dent\u00e1ria, est\u00e9tica e cabelo.<\/h3>\n","protected":false},"excerpt":{"rendered":"<p>A IDC.Clinic oferece diversas especialidades nas \u00e1reas da medicina dent\u00e1ria, est\u00e9tica e cabelo.<\/p>\n","protected":false},"author":1,"featured_media":0,"parent":0,"menu_order":0,"comment_status":"closed","ping_status":"closed","template":"template-specialities.php","meta":{"footnotes":""},"class_list":["post-1344","page","type-page","status-publish","hentry"],"acf":[],"yoast_head":"<!-- This site is optimized with the Yoast SEO plugin v27.5 - https:\/\/yoast.com\/product\/yoast-seo-wordpress\/ -->\n<title>Specialties - IDC.Clinic<\/title>\n<meta name=\"description\" content=\"Meet the multidisciplinary team at IDC.Clinic, made up of specialists in dental medicine, aesthetics, and hair treatments\u2026\" \/>\n<meta name=\"robots\" content=\"index, follow, max-snippet:-1, max-image-preview:large, max-video-preview:-1\" \/>\n<link rel=\"canonical\" href=\"https:\/\/idc.clinic\/en\/specialties\/\" \/>\n<meta property=\"og:locale\" content=\"en_US\" \/>\n<meta property=\"og:type\" content=\"article\" \/>\n<meta property=\"og:title\" content=\"Specialties - IDC.Clinic\" \/>\n<meta property=\"og:description\" content=\"Meet the multidisciplinary team at IDC.Clinic, made up of specialists in dental medicine, aesthetics, and hair treatments\u2026\" \/>\n<meta property=\"og:url\" content=\"https:\/\/idc.clinic\/en\/specialties\/\" \/>\n<meta property=\"og:site_name\" content=\"IDC.Clinic\" \/>\n<meta property=\"article:modified_time\" content=\"2026-05-12T10:47:06+00:00\" \/>\n<meta name=\"twitter:card\" content=\"summary_large_image\" \/>\n<meta name=\"twitter:label1\" content=\"Est. reading time\" \/>\n\t<meta name=\"twitter:data1\" content=\"1 minute\" \/>\n<script type=\"application\/ld+json\" class=\"yoast-schema-graph\">{\"@context\":\"https:\\\/\\\/schema.org\",\"@graph\":[{\"@type\":\"WebPage\",\"@id\":\"https:\\\/\\\/idc.clinic\\\/en\\\/specialties\\\/\",\"url\":\"https:\\\/\\\/idc.clinic\\\/en\\\/specialties\\\/\",\"name\":\"Specialties - IDC.Clinic\",\"isPartOf\":{\"@id\":\"https:\\\/\\\/idc.clinic\\\/#website\"},\"datePublished\":\"2025-11-12T11:43:54+00:00\",\"dateModified\":\"2026-05-12T10:47:06+00:00\",\"description\":\"Meet the multidisciplinary team at IDC.Clinic, made up of specialists in dental medicine, aesthetics, and hair treatments\u2026\",\"breadcrumb\":{\"@id\":\"https:\\\/\\\/idc.clinic\\\/en\\\/specialties\\\/#breadcrumb\"},\"inLanguage\":\"en-US\",\"potentialAction\":[{\"@type\":\"ReadAction\",\"target\":[\"https:\\\/\\\/idc.clinic\\\/en\\\/specialties\\\/\"]}]},{\"@type\":\"BreadcrumbList\",\"@id\":\"https:\\\/\\\/idc.clinic\\\/en\\\/specialties\\\/#breadcrumb\",\"itemListElement\":[{\"@type\":\"ListItem\",\"position\":1,\"name\":\"Home\",\"item\":\"https:\\\/\\\/idc.clinic\\\/en\\\/\"},{\"@type\":\"ListItem\",\"position\":2,\"name\":\"Specialties\"}]},{\"@type\":\"WebSite\",\"@id\":\"https:\\\/\\\/idc.clinic\\\/#website\",\"url\":\"https:\\\/\\\/idc.clinic\\\/\",\"name\":\"idc\",\"description\":\"\",\"publisher\":{\"@id\":\"https:\\\/\\\/idc.clinic\\\/#organization\"},\"potentialAction\":[{\"@type\":\"SearchAction\",\"target\":{\"@type\":\"EntryPoint\",\"urlTemplate\":\"https:\\\/\\\/idc.clinic\\\/?s={search_term_string}\"},\"query-input\":{\"@type\":\"PropertyValueSpecification\",\"valueRequired\":true,\"valueName\":\"search_term_string\"}}],\"inLanguage\":\"en-US\"},{\"@type\":\"Organization\",\"@id\":\"https:\\\/\\\/idc.clinic\\\/#organization\",\"name\":\"idc\",\"url\":\"https:\\\/\\\/idc.clinic\\\/\",\"logo\":{\"@type\":\"ImageObject\",\"inLanguage\":\"en-US\",\"@id\":\"https:\\\/\\\/idc.clinic\\\/#\\\/schema\\\/logo\\\/image\\\/\",\"url\":\"http:\\\/\\\/13.38.59.60\\\/wp-content\\\/uploads\\\/2026\\\/02\\\/new-logo.png\",\"contentUrl\":\"http:\\\/\\\/13.38.59.60\\\/wp-content\\\/uploads\\\/2026\\\/02\\\/new-logo.png\",\"width\":1650,\"height\":686,\"caption\":\"idc\"},\"image\":{\"@id\":\"https:\\\/\\\/idc.clinic\\\/#\\\/schema\\\/logo\\\/image\\\/\"}}]}<\/script>\n<!-- \/ Yoast SEO plugin. -->","yoast_head_json":{"title":"Specialties - IDC.Clinic","description":"Meet the multidisciplinary team at IDC.Clinic, made up of specialists in dental medicine, aesthetics, and hair treatments\u2026","robots":{"index":"index","follow":"follow","max-snippet":"max-snippet:-1","max-image-preview":"max-image-preview:large","max-video-preview":"max-video-preview:-1"},"canonical":"https:\/\/idc.clinic\/en\/specialties\/","og_locale":"en_US","og_type":"article","og_title":"Specialties - IDC.Clinic","og_description":"Meet the multidisciplinary team at IDC.Clinic, made up of specialists in dental medicine, aesthetics, and hair treatments\u2026","og_url":"https:\/\/idc.clinic\/en\/specialties\/","og_site_name":"IDC.Clinic","article_modified_time":"2026-05-12T10:47:06+00:00","twitter_card":"summary_large_image","twitter_misc":{"Est. reading time":"1 minute"},"schema":{"@context":"https:\/\/schema.org","@graph":[{"@type":"WebPage","@id":"https:\/\/idc.clinic\/en\/specialties\/","url":"https:\/\/idc.clinic\/en\/specialties\/","name":"Specialties - IDC.Clinic","isPartOf":{"@id":"https:\/\/idc.clinic\/#website"},"datePublished":"2025-11-12T11:43:54+00:00","dateModified":"2026-05-12T10:47:06+00:00","description":"Meet the multidisciplinary team at IDC.Clinic, made up of specialists in dental medicine, aesthetics, and hair treatments\u2026","breadcrumb":{"@id":"https:\/\/idc.clinic\/en\/specialties\/#breadcrumb"},"inLanguage":"en-US","potentialAction":[{"@type":"ReadAction","target":["https:\/\/idc.clinic\/en\/specialties\/"]}]},{"@type":"BreadcrumbList","@id":"https:\/\/idc.clinic\/en\/specialties\/#breadcrumb","itemListElement":[{"@type":"ListItem","position":1,"name":"Home","item":"https:\/\/idc.clinic\/en\/"},{"@type":"ListItem","position":2,"name":"Specialties"}]},{"@type":"WebSite","@id":"https:\/\/idc.clinic\/#website","url":"https:\/\/idc.clinic\/","name":"idc","description":"","publisher":{"@id":"https:\/\/idc.clinic\/#organization"},"potentialAction":[{"@type":"SearchAction","target":{"@type":"EntryPoint","urlTemplate":"https:\/\/idc.clinic\/?s={search_term_string}"},"query-input":{"@type":"PropertyValueSpecification","valueRequired":true,"valueName":"search_term_string"}}],"inLanguage":"en-US"},{"@type":"Organization","@id":"https:\/\/idc.clinic\/#organization","name":"idc","url":"https:\/\/idc.clinic\/","logo":{"@type":"ImageObject","inLanguage":"en-US","@id":"https:\/\/idc.clinic\/#\/schema\/logo\/image\/","url":"http:\/\/13.38.59.60\/wp-content\/uploads\/2026\/02\/new-logo.png","contentUrl":"http:\/\/13.38.59.60\/wp-content\/uploads\/2026\/02\/new-logo.png","width":1650,"height":686,"caption":"idc"},"image":{"@id":"https:\/\/idc.clinic\/#\/schema\/logo\/image\/"}}]}},"_links":{"self":[{"href":"http:\/\/13.38.59.60\/en\/wp-json\/wp\/v2\/pages\/1344","targetHints":{"allow":["GET"]}}],"collection":[{"href":"http:\/\/13.38.59.60\/en\/wp-json\/wp\/v2\/pages"}],"about":[{"href":"http:\/\/13.38.59.60\/en\/wp-json\/wp\/v2\/types\/page"}],"author":[{"embeddable":true,"href":"http:\/\/13.38.59.60\/en\/wp-json\/wp\/v2\/users\/1"}],"replies":[{"embeddable":true,"href":"http:\/\/13.38.59.60\/en\/wp-json\/wp\/v2\/comments?post=1344"}],"version-history":[{"count":7,"href":"http:\/\/13.38.59.60\/en\/wp-json\/wp\/v2\/pages\/1344\/revisions"}],"predecessor-version":[{"id":4109,"href":"http:\/\/13.38.59.60\/en\/wp-json\/wp\/v2\/pages\/1344\/revisions\/4109"}],"wp:attachment":[{"href":"http:\/\/13.38.59.60\/en\/wp-json\/wp\/v2\/media?parent=1344"}],"curies":[{"name":"wp","href":"https:\/\/api.w.org\/{rel}","templated":true}]}}